{"id":5479,"date":"2021-02-22T08:00:35","date_gmt":"2021-02-22T08:00:35","guid":{"rendered":"https:\/\/fleximark\/produkt\/organiserad-krympslang-ovriga\/"},"modified":"2022-01-25T10:21:11","modified_gmt":"2022-01-25T10:21:11","slug":"organiserad-krympslang-ovriga","status":"publish","type":"product","link":"https:\/\/fleximarkshop-stage.nordlo.it\/en\/product\/organiserad-krympslang-ovriga\/","title":{"rendered":"Organized shrink tubing other colors, halogen-free"},"content":{"rendered":"<p>Organized halogen-free shrink tubing for part and cable marking. Designed for CAB thermal transfer printers. Good resistance to chemicals.<\/p>","protected":false},"excerpt":{"rendered":"<p>\u2022 Reliable and rational handling of shrink tubing marking<br \/>\n\u2022 Printed using thermal transfer printers<br \/>\n\u2022 Halogen free<\/p>\n<p><a title=\"Datasheet organized shrink tubing\" href=\"https:\/\/fleximarkshop-stage.nordlo.it\/wp-content\/uploads\/DB83260219EN_FLEXIMARK_Organized_shrink_tube.pdf\" target=\"_blank\" rel=\"noopener\"><span style=\"color: #ff9900;\"><strong>Product data sheet<\/strong><\/span><\/a><\/p>\n<p><a title=\"Instructional film organized shrink tubing\" href=\"https:\/\/youtu.be\/W7x0Se8rMqM\" target=\"_blank\" rel=\"noopener\"><span style=\"color: #ff9900;\"><strong>Instructional film<\/strong><\/span><\/a><\/p>","protected":false},"featured_media":5476,"template":"","meta":{"_acf_changed":false},"product_brand":[],"product_cat":[943,925,926],"product_tag":[],"class_list":{"0":"post-5479","1":"product","2":"type-product","3":"status-publish","4":"has-post-thumbnail","6":"product_cat-ledningsmarkning","7":"product_cat-maskintillverkning","8":"product_cat-skapsbyggnation","9":"pa_fargband-870","10":"pa_filter_ett-termotransferutskrift","11":"pa_filter_tva-halogenfri","12":"sales-flash-overlay","13":"woocommerce-text-align-center","14":"woocommerce-image-align-center","15":"do-quantity-buttons","16":"wc-has-gallery","18":"first","19":"instock","20":"taxable","21":"shipping-taxable","22":"product-type-grouped"},"acf":[],"yoast_head":"<!-- This site is optimized with the Yoast SEO plugin v27.3 - https:\/\/yoast.com\/product\/yoast-seo-wordpress\/ -->\n<title>Organiserad krympslang \u00f6vriga f\u00e4rger, halogenfri - FleximarkShop<\/title>\n<meta name=\"description\" content=\"Organiserad krympslang anv\u00e4nds som partm\u00e4rkning. Tydlig och l\u00e4tthanterad m\u00e4rkning f\u00f6r ledare och tunna kablar.\" \/>\n<meta name=\"robots\" content=\"noindex, follow, max-snippet:-1, max-image-preview:large, max-video-preview:-1\" \/>\n<meta property=\"og:locale\" content=\"en_US\" \/>\n<meta property=\"og:type\" content=\"article\" \/>\n<meta property=\"og:title\" content=\"Organiserad krympslang \u00f6vriga f\u00e4rger, halogenfri - FleximarkShop\" \/>\n<meta property=\"og:description\" content=\"Organiserad krympslang anv\u00e4nds som partm\u00e4rkning. Tydlig och l\u00e4tthanterad m\u00e4rkning f\u00f6r ledare och tunna kablar.\" \/>\n<meta property=\"og:url\" content=\"https:\/\/fleximarkshop-stage.nordlo.it\/en\/product\/organiserad-krympslang-ovriga\/\" \/>\n<meta property=\"og:site_name\" content=\"FleximarkShop\" \/>\n<meta property=\"article:modified_time\" content=\"2022-01-25T10:21:11+00:00\" \/>\n<meta property=\"og:image\" content=\"https:\/\/fleximarkshop-stage.nordlo.it\/wp-content\/uploads\/KRYMP_F_RG_ORG_HALFR.jpg\" \/>\n\t<meta property=\"og:image:width\" content=\"1048\" \/>\n\t<meta property=\"og:image:height\" content=\"533\" \/>\n\t<meta property=\"og:image:type\" content=\"image\/jpeg\" \/>\n<meta name=\"twitter:card\" content=\"summary_large_image\" \/>\n<script type=\"application\/ld+json\" class=\"yoast-schema-graph\">{\"@context\":\"https:\\\/\\\/schema.org\",\"@graph\":[{\"@type\":\"WebPage\",\"@id\":\"https:\\\/\\\/fleximarkshop-stage.nordlo.it\\\/produkt\\\/organiserad-krympslang-ovriga\\\/\",\"url\":\"https:\\\/\\\/fleximarkshop-stage.nordlo.it\\\/produkt\\\/organiserad-krympslang-ovriga\\\/\",\"name\":\"Organiserad krympslang \u00f6vriga f\u00e4rger, halogenfri - FleximarkShop\",\"isPartOf\":{\"@id\":\"https:\\\/\\\/fleximarkshop-stage.nordlo.it\\\/#website\"},\"primaryImageOfPage\":{\"@id\":\"https:\\\/\\\/fleximarkshop-stage.nordlo.it\\\/produkt\\\/organiserad-krympslang-ovriga\\\/#primaryimage\"},\"image\":{\"@id\":\"https:\\\/\\\/fleximarkshop-stage.nordlo.it\\\/produkt\\\/organiserad-krympslang-ovriga\\\/#primaryimage\"},\"thumbnailUrl\":\"https:\\\/\\\/fleximarkshop-stage.nordlo.it\\\/wp-content\\\/uploads\\\/KRYMP_F_RG_ORG_HALFR.jpg\",\"datePublished\":\"2021-02-22T08:00:35+00:00\",\"dateModified\":\"2022-01-25T10:21:11+00:00\",\"description\":\"Organiserad krympslang anv\u00e4nds som partm\u00e4rkning. Tydlig och l\u00e4tthanterad m\u00e4rkning f\u00f6r ledare och tunna kablar.\",\"breadcrumb\":{\"@id\":\"https:\\\/\\\/fleximarkshop-stage.nordlo.it\\\/produkt\\\/organiserad-krympslang-ovriga\\\/#breadcrumb\"},\"inLanguage\":\"en-US\",\"potentialAction\":[{\"@type\":\"ReadAction\",\"target\":[\"https:\\\/\\\/fleximarkshop-stage.nordlo.it\\\/produkt\\\/organiserad-krympslang-ovriga\\\/\"]}]},{\"@type\":\"ImageObject\",\"inLanguage\":\"en-US\",\"@id\":\"https:\\\/\\\/fleximarkshop-stage.nordlo.it\\\/produkt\\\/organiserad-krympslang-ovriga\\\/#primaryimage\",\"url\":\"https:\\\/\\\/fleximarkshop-stage.nordlo.it\\\/wp-content\\\/uploads\\\/KRYMP_F_RG_ORG_HALFR.jpg\",\"contentUrl\":\"https:\\\/\\\/fleximarkshop-stage.nordlo.it\\\/wp-content\\\/uploads\\\/KRYMP_F_RG_ORG_HALFR.jpg\",\"width\":1048,\"height\":533,\"caption\":\"Organiserad krympslang \u00f6vriga f\u00e4rger, halogenfri-0\"},{\"@type\":\"BreadcrumbList\",\"@id\":\"https:\\\/\\\/fleximarkshop-stage.nordlo.it\\\/produkt\\\/organiserad-krympslang-ovriga\\\/#breadcrumb\",\"itemListElement\":[{\"@type\":\"ListItem\",\"position\":1,\"name\":\"Hem\",\"item\":\"https:\\\/\\\/fleximarkshop-stage.nordlo.it\\\/\"},{\"@type\":\"ListItem\",\"position\":2,\"name\":\"Webbutik\",\"item\":\"https:\\\/\\\/fleximarkshop-stage.nordlo.it\\\/butik\\\/\"},{\"@type\":\"ListItem\",\"position\":3,\"name\":\"Organiserad krympslang \u00f6vriga f\u00e4rger, halogenfri\"}]},{\"@type\":\"WebSite\",\"@id\":\"https:\\\/\\\/fleximarkshop-stage.nordlo.it\\\/#website\",\"url\":\"https:\\\/\\\/fleximarkshop-stage.nordlo.it\\\/\",\"name\":\"FleximarkShop\",\"description\":\"M\u00e4rkning &amp; M\u00e4rksystem online\",\"publisher\":{\"@id\":\"https:\\\/\\\/fleximarkshop-stage.nordlo.it\\\/#organization\"},\"potentialAction\":[{\"@type\":\"SearchAction\",\"target\":{\"@type\":\"EntryPoint\",\"urlTemplate\":\"https:\\\/\\\/fleximarkshop-stage.nordlo.it\\\/?s={search_term_string}\"},\"query-input\":{\"@type\":\"PropertyValueSpecification\",\"valueRequired\":true,\"valueName\":\"search_term_string\"}}],\"inLanguage\":\"en-US\"},{\"@type\":\"Organization\",\"@id\":\"https:\\\/\\\/fleximarkshop-stage.nordlo.it\\\/#organization\",\"name\":\"FleximarkShop\",\"url\":\"https:\\\/\\\/fleximarkshop-stage.nordlo.it\\\/\",\"logo\":{\"@type\":\"ImageObject\",\"inLanguage\":\"en-US\",\"@id\":\"https:\\\/\\\/fleximarkshop-stage.nordlo.it\\\/#\\\/schema\\\/logo\\\/image\\\/\",\"url\":\"https:\\\/\\\/fleximarkshop-stage.nordlo.it\\\/wp-content\\\/uploads\\\/fleximark-logo.png\",\"contentUrl\":\"https:\\\/\\\/fleximarkshop-stage.nordlo.it\\\/wp-content\\\/uploads\\\/fleximark-logo.png\",\"width\":600,\"height\":80,\"caption\":\"FleximarkShop\"},\"image\":{\"@id\":\"https:\\\/\\\/fleximarkshop-stage.nordlo.it\\\/#\\\/schema\\\/logo\\\/image\\\/\"}}]}<\/script>\n<!-- \/ Yoast SEO plugin. -->","yoast_head_json":{"title":"Organiserad krympslang \u00f6vriga f\u00e4rger, halogenfri - FleximarkShop","description":"Organiserad krympslang anv\u00e4nds som partm\u00e4rkning. Tydlig och l\u00e4tthanterad m\u00e4rkning f\u00f6r ledare och tunna kablar.","robots":{"index":"noindex","follow":"follow","max-snippet":"max-snippet:-1","max-image-preview":"max-image-preview:large","max-video-preview":"max-video-preview:-1"},"og_locale":"en_US","og_type":"article","og_title":"Organiserad krympslang \u00f6vriga f\u00e4rger, halogenfri - FleximarkShop","og_description":"Organiserad krympslang anv\u00e4nds som partm\u00e4rkning. Tydlig och l\u00e4tthanterad m\u00e4rkning f\u00f6r ledare och tunna kablar.","og_url":"https:\/\/fleximarkshop-stage.nordlo.it\/en\/product\/organiserad-krympslang-ovriga\/","og_site_name":"FleximarkShop","article_modified_time":"2022-01-25T10:21:11+00:00","og_image":[{"width":1048,"height":533,"url":"https:\/\/fleximarkshop-stage.nordlo.it\/wp-content\/uploads\/KRYMP_F_RG_ORG_HALFR.jpg","type":"image\/jpeg"}],"twitter_card":"summary_large_image","schema":{"@context":"https:\/\/schema.org","@graph":[{"@type":"WebPage","@id":"https:\/\/fleximarkshop-stage.nordlo.it\/produkt\/organiserad-krympslang-ovriga\/","url":"https:\/\/fleximarkshop-stage.nordlo.it\/produkt\/organiserad-krympslang-ovriga\/","name":"Organiserad krympslang \u00f6vriga f\u00e4rger, halogenfri - FleximarkShop","isPartOf":{"@id":"https:\/\/fleximarkshop-stage.nordlo.it\/#website"},"primaryImageOfPage":{"@id":"https:\/\/fleximarkshop-stage.nordlo.it\/produkt\/organiserad-krympslang-ovriga\/#primaryimage"},"image":{"@id":"https:\/\/fleximarkshop-stage.nordlo.it\/produkt\/organiserad-krympslang-ovriga\/#primaryimage"},"thumbnailUrl":"https:\/\/fleximarkshop-stage.nordlo.it\/wp-content\/uploads\/KRYMP_F_RG_ORG_HALFR.jpg","datePublished":"2021-02-22T08:00:35+00:00","dateModified":"2022-01-25T10:21:11+00:00","description":"Organiserad krympslang anv\u00e4nds som partm\u00e4rkning. Tydlig och l\u00e4tthanterad m\u00e4rkning f\u00f6r ledare och tunna kablar.","breadcrumb":{"@id":"https:\/\/fleximarkshop-stage.nordlo.it\/produkt\/organiserad-krympslang-ovriga\/#breadcrumb"},"inLanguage":"en-US","potentialAction":[{"@type":"ReadAction","target":["https:\/\/fleximarkshop-stage.nordlo.it\/produkt\/organiserad-krympslang-ovriga\/"]}]},{"@type":"ImageObject","inLanguage":"en-US","@id":"https:\/\/fleximarkshop-stage.nordlo.it\/produkt\/organiserad-krympslang-ovriga\/#primaryimage","url":"https:\/\/fleximarkshop-stage.nordlo.it\/wp-content\/uploads\/KRYMP_F_RG_ORG_HALFR.jpg","contentUrl":"https:\/\/fleximarkshop-stage.nordlo.it\/wp-content\/uploads\/KRYMP_F_RG_ORG_HALFR.jpg","width":1048,"height":533,"caption":"Organiserad krympslang \u00f6vriga f\u00e4rger, halogenfri-0"},{"@type":"BreadcrumbList","@id":"https:\/\/fleximarkshop-stage.nordlo.it\/produkt\/organiserad-krympslang-ovriga\/#breadcrumb","itemListElement":[{"@type":"ListItem","position":1,"name":"Hem","item":"https:\/\/fleximarkshop-stage.nordlo.it\/"},{"@type":"ListItem","position":2,"name":"Webbutik","item":"https:\/\/fleximarkshop-stage.nordlo.it\/butik\/"},{"@type":"ListItem","position":3,"name":"Organiserad krympslang \u00f6vriga f\u00e4rger, halogenfri"}]},{"@type":"WebSite","@id":"https:\/\/fleximarkshop-stage.nordlo.it\/#website","url":"https:\/\/fleximarkshop-stage.nordlo.it\/","name":"FleximarkShop","description":"M\u00e4rkning &amp; M\u00e4rksystem online","publisher":{"@id":"https:\/\/fleximarkshop-stage.nordlo.it\/#organization"},"potentialAction":[{"@type":"SearchAction","target":{"@type":"EntryPoint","urlTemplate":"https:\/\/fleximarkshop-stage.nordlo.it\/?s={search_term_string}"},"query-input":{"@type":"PropertyValueSpecification","valueRequired":true,"valueName":"search_term_string"}}],"inLanguage":"en-US"},{"@type":"Organization","@id":"https:\/\/fleximarkshop-stage.nordlo.it\/#organization","name":"FleximarkShop","url":"https:\/\/fleximarkshop-stage.nordlo.it\/","logo":{"@type":"ImageObject","inLanguage":"en-US","@id":"https:\/\/fleximarkshop-stage.nordlo.it\/#\/schema\/logo\/image\/","url":"https:\/\/fleximarkshop-stage.nordlo.it\/wp-content\/uploads\/fleximark-logo.png","contentUrl":"https:\/\/fleximarkshop-stage.nordlo.it\/wp-content\/uploads\/fleximark-logo.png","width":600,"height":80,"caption":"FleximarkShop"},"image":{"@id":"https:\/\/fleximarkshop-stage.nordlo.it\/#\/schema\/logo\/image\/"}}]}},"_links":{"self":[{"href":"https:\/\/fleximarkshop-stage.nordlo.it\/en\/wp-json\/wp\/v2\/product\/5479","targetHints":{"allow":["GET"]}}],"collection":[{"href":"https:\/\/fleximarkshop-stage.nordlo.it\/en\/wp-json\/wp\/v2\/product"}],"about":[{"href":"https:\/\/fleximarkshop-stage.nordlo.it\/en\/wp-json\/wp\/v2\/types\/product"}],"wp:featuredmedia":[{"embeddable":true,"href":"https:\/\/fleximarkshop-stage.nordlo.it\/en\/wp-json\/wp\/v2\/media\/5476"}],"wp:attachment":[{"href":"https:\/\/fleximarkshop-stage.nordlo.it\/en\/wp-json\/wp\/v2\/media?parent=5479"}],"wp:term":[{"taxonomy":"product_brand","embeddable":true,"href":"https:\/\/fleximarkshop-stage.nordlo.it\/en\/wp-json\/wp\/v2\/product_brand?post=5479"},{"taxonomy":"product_cat","embeddable":true,"href":"https:\/\/fleximarkshop-stage.nordlo.it\/en\/wp-json\/wp\/v2\/product_cat?post=5479"},{"taxonomy":"product_tag","embeddable":true,"href":"https:\/\/fleximarkshop-stage.nordlo.it\/en\/wp-json\/wp\/v2\/product_tag?post=5479"}],"curies":[{"name":"wp","href":"https:\/\/api.w.org\/{rel}","templated":true}]}}