{"id":668,"date":"2015-06-26T06:27:44","date_gmt":"2015-06-26T06:27:44","guid":{"rendered":"https:\/\/fleximark\/produkt\/mr10-20-syrafast-teckenremsa-5\/"},"modified":"2022-02-22T10:26:48","modified_gmt":"2022-02-22T10:26:48","slug":"mr10-20-syrafast-teckenremsa-5","status":"publish","type":"product","link":"https:\/\/fleximarkshop-stage.nordlo.it\/en\/product\/mr10-20-syrafast-teckenremsa-5\/","title":{"rendered":"MR10-20-. syrafast teckenremsa"},"content":{"rendered":"<p>Syrafast m\u00e4rkning \u00e4r ett industriellt system f\u00f6r m\u00e4rkning av kablar, r\u00f6r och utrustningar i kr\u00e4vande och aggressiva milj\u00f6er.<br \/>\nM\u00e4rksystemet best\u00e5r av teckenremsor, h\u00e5llare och buntband; allt tillverkat i rostfritt syrafast st\u00e5l SS2348 (AISI-316).<br \/>\n<b>Teckenh\u00f6jd:<\/b> 6,8 mm<br \/>\n<b>Temperatur:<\/b> = 500\u00b0C<br \/>\n<b>F\u00f6rpackning:<\/b> 10 remsor \u00e1 20 tecken av varje<\/p>","protected":false},"excerpt":{"rendered":"<p>Industriellt system f\u00f6r m\u00e4rkning av kablar, r\u00f6r och utrustningar<br \/>\nAnv\u00e4nds i kr\u00e4vande och aggressiva milj\u00f6er<br \/>\nPr\u00e4glade teckenremsorna inneh\u00e5ller 20 stycken tecken<br \/>\nBryts av med hj\u00e4lp av brytanvisningar<br \/>\nTecknen monteras i n\u00e5gon av FLEXIMARK\u00ae teckenh\u00e5llare<br \/>\nRostfritt syrafast st\u00e5l enligt EN 1.4404 (SS2348, AISI-316L)<br \/>\nUpph\u00f6jda konvexa tecken, l\u00e4tt att l\u00e4sa efter t.ex. \u00f6verm\u00e5lning etc.<\/p>","protected":false},"featured_media":666,"template":"","meta":{"_acf_changed":false},"product_brand":[],"product_cat":[15],"product_tag":[],"class_list":{"0":"post-668","1":"product","2":"type-product","3":"status-publish","4":"has-post-thumbnail","6":"product_cat-okategoriserad","7":"pa_antal-84","8":"pa_forpackningsenhet-369","9":"pa_nav_item_discount_group-824","10":"pa_storlek-649","11":"sales-flash-overlay","12":"woocommerce-text-align-center","13":"woocommerce-image-align-center","14":"do-quantity-buttons","15":"wc-has-gallery","17":"first","18":"instock","19":"taxable","20":"shipping-taxable","21":"purchasable","22":"product-type-simple"},"acf":[],"yoast_head":"<!-- This site is optimized with the Yoast SEO plugin v27.4 - https:\/\/yoast.com\/product\/yoast-seo-wordpress\/ -->\n<title>MR10-20-. syrafast teckenremsa - FleximarkShop<\/title>\n<meta name=\"robots\" content=\"noindex, follow, max-snippet:-1, max-image-preview:large, max-video-preview:-1\" \/>\n<meta property=\"og:locale\" content=\"en_US\" \/>\n<meta property=\"og:type\" content=\"article\" \/>\n<meta property=\"og:title\" content=\"MR10-20-. syrafast teckenremsa - FleximarkShop\" \/>\n<meta property=\"og:description\" content=\"Industriellt system f\u00f6r m\u00e4rkning av kablar, r\u00f6r och utrustningar Anv\u00e4nds i kr\u00e4vande och aggressiva milj\u00f6er Pr\u00e4glade teckenremsorna inneh\u00e5ller 20 stycken tecken Bryts av med hj\u00e4lp av brytanvisningar Tecknen monteras i n\u00e5gon av FLEXIMARK\u00ae teckenh\u00e5llare Rostfritt syrafast st\u00e5l enligt EN 1.4404 (SS2348, AISI-316L) Upph\u00f6jda konvexa tecken, l\u00e4tt att l\u00e4sa efter t.ex. \u00f6verm\u00e5lning etc.\" \/>\n<meta property=\"og:url\" content=\"https:\/\/fleximarkshop-stage.nordlo.it\/en\/product\/mr10-20-syrafast-teckenremsa-5\/\" \/>\n<meta property=\"og:site_name\" content=\"FleximarkShop\" \/>\n<meta property=\"article:modified_time\" content=\"2022-02-22T10:26:48+00:00\" \/>\n<meta property=\"og:image\" content=\"https:\/\/fleximarkshop-stage.nordlo.it\/wp-content\/uploads\/83254195_1.jpg\" \/>\n\t<meta property=\"og:image:width\" content=\"1048\" \/>\n\t<meta property=\"og:image:height\" content=\"1048\" \/>\n\t<meta property=\"og:image:type\" content=\"image\/jpeg\" \/>\n<meta name=\"twitter:card\" content=\"summary_large_image\" \/>\n<script type=\"application\/ld+json\" class=\"yoast-schema-graph\">{\"@context\":\"https:\\\/\\\/schema.org\",\"@graph\":[{\"@type\":\"WebPage\",\"@id\":\"https:\\\/\\\/fleximarkshop-stage.nordlo.it\\\/produkt\\\/mr10-20-syrafast-teckenremsa-5\\\/\",\"url\":\"https:\\\/\\\/fleximarkshop-stage.nordlo.it\\\/produkt\\\/mr10-20-syrafast-teckenremsa-5\\\/\",\"name\":\"MR10-20-. syrafast teckenremsa - FleximarkShop\",\"isPartOf\":{\"@id\":\"https:\\\/\\\/fleximarkshop-stage.nordlo.it\\\/#website\"},\"primaryImageOfPage\":{\"@id\":\"https:\\\/\\\/fleximarkshop-stage.nordlo.it\\\/produkt\\\/mr10-20-syrafast-teckenremsa-5\\\/#primaryimage\"},\"image\":{\"@id\":\"https:\\\/\\\/fleximarkshop-stage.nordlo.it\\\/produkt\\\/mr10-20-syrafast-teckenremsa-5\\\/#primaryimage\"},\"thumbnailUrl\":\"https:\\\/\\\/fleximarkshop-stage.nordlo.it\\\/wp-content\\\/uploads\\\/83254195_1.jpg\",\"datePublished\":\"2015-06-26T06:27:44+00:00\",\"dateModified\":\"2022-02-22T10:26:48+00:00\",\"breadcrumb\":{\"@id\":\"https:\\\/\\\/fleximarkshop-stage.nordlo.it\\\/produkt\\\/mr10-20-syrafast-teckenremsa-5\\\/#breadcrumb\"},\"inLanguage\":\"en-US\",\"potentialAction\":[{\"@type\":\"ReadAction\",\"target\":[\"https:\\\/\\\/fleximarkshop-stage.nordlo.it\\\/produkt\\\/mr10-20-syrafast-teckenremsa-5\\\/\"]}]},{\"@type\":\"ImageObject\",\"inLanguage\":\"en-US\",\"@id\":\"https:\\\/\\\/fleximarkshop-stage.nordlo.it\\\/produkt\\\/mr10-20-syrafast-teckenremsa-5\\\/#primaryimage\",\"url\":\"https:\\\/\\\/fleximarkshop-stage.nordlo.it\\\/wp-content\\\/uploads\\\/83254195_1.jpg\",\"contentUrl\":\"https:\\\/\\\/fleximarkshop-stage.nordlo.it\\\/wp-content\\\/uploads\\\/83254195_1.jpg\",\"width\":1048,\"height\":1048,\"caption\":\"Rostfria teckenremsor\"},{\"@type\":\"BreadcrumbList\",\"@id\":\"https:\\\/\\\/fleximarkshop-stage.nordlo.it\\\/produkt\\\/mr10-20-syrafast-teckenremsa-5\\\/#breadcrumb\",\"itemListElement\":[{\"@type\":\"ListItem\",\"position\":1,\"name\":\"Hem\",\"item\":\"https:\\\/\\\/fleximarkshop-stage.nordlo.it\\\/\"},{\"@type\":\"ListItem\",\"position\":2,\"name\":\"Webbutik\",\"item\":\"https:\\\/\\\/fleximarkshop-stage.nordlo.it\\\/butik\\\/\"},{\"@type\":\"ListItem\",\"position\":3,\"name\":\"MR10-20-. syrafast teckenremsa\"}]},{\"@type\":\"WebSite\",\"@id\":\"https:\\\/\\\/fleximarkshop-stage.nordlo.it\\\/#website\",\"url\":\"https:\\\/\\\/fleximarkshop-stage.nordlo.it\\\/\",\"name\":\"FleximarkShop\",\"description\":\"M\u00e4rkning &amp; M\u00e4rksystem online\",\"publisher\":{\"@id\":\"https:\\\/\\\/fleximarkshop-stage.nordlo.it\\\/#organization\"},\"potentialAction\":[{\"@type\":\"SearchAction\",\"target\":{\"@type\":\"EntryPoint\",\"urlTemplate\":\"https:\\\/\\\/fleximarkshop-stage.nordlo.it\\\/?s={search_term_string}\"},\"query-input\":{\"@type\":\"PropertyValueSpecification\",\"valueRequired\":true,\"valueName\":\"search_term_string\"}}],\"inLanguage\":\"en-US\"},{\"@type\":\"Organization\",\"@id\":\"https:\\\/\\\/fleximarkshop-stage.nordlo.it\\\/#organization\",\"name\":\"FleximarkShop\",\"url\":\"https:\\\/\\\/fleximarkshop-stage.nordlo.it\\\/\",\"logo\":{\"@type\":\"ImageObject\",\"inLanguage\":\"en-US\",\"@id\":\"https:\\\/\\\/fleximarkshop-stage.nordlo.it\\\/#\\\/schema\\\/logo\\\/image\\\/\",\"url\":\"https:\\\/\\\/fleximarkshop-stage.nordlo.it\\\/wp-content\\\/uploads\\\/fleximark-logo.png\",\"contentUrl\":\"https:\\\/\\\/fleximarkshop-stage.nordlo.it\\\/wp-content\\\/uploads\\\/fleximark-logo.png\",\"width\":600,\"height\":80,\"caption\":\"FleximarkShop\"},\"image\":{\"@id\":\"https:\\\/\\\/fleximarkshop-stage.nordlo.it\\\/#\\\/schema\\\/logo\\\/image\\\/\"}}]}<\/script>\n<!-- \/ Yoast SEO plugin. -->","yoast_head_json":{"title":"MR10-20-. syrafast teckenremsa - FleximarkShop","robots":{"index":"noindex","follow":"follow","max-snippet":"max-snippet:-1","max-image-preview":"max-image-preview:large","max-video-preview":"max-video-preview:-1"},"og_locale":"en_US","og_type":"article","og_title":"MR10-20-. syrafast teckenremsa - FleximarkShop","og_description":"Industriellt system f\u00f6r m\u00e4rkning av kablar, r\u00f6r och utrustningar Anv\u00e4nds i kr\u00e4vande och aggressiva milj\u00f6er Pr\u00e4glade teckenremsorna inneh\u00e5ller 20 stycken tecken Bryts av med hj\u00e4lp av brytanvisningar Tecknen monteras i n\u00e5gon av FLEXIMARK\u00ae teckenh\u00e5llare Rostfritt syrafast st\u00e5l enligt EN 1.4404 (SS2348, AISI-316L) Upph\u00f6jda konvexa tecken, l\u00e4tt att l\u00e4sa efter t.ex. \u00f6verm\u00e5lning etc.","og_url":"https:\/\/fleximarkshop-stage.nordlo.it\/en\/product\/mr10-20-syrafast-teckenremsa-5\/","og_site_name":"FleximarkShop","article_modified_time":"2022-02-22T10:26:48+00:00","og_image":[{"width":1048,"height":1048,"url":"https:\/\/fleximarkshop-stage.nordlo.it\/wp-content\/uploads\/83254195_1.jpg","type":"image\/jpeg"}],"twitter_card":"summary_large_image","schema":{"@context":"https:\/\/schema.org","@graph":[{"@type":"WebPage","@id":"https:\/\/fleximarkshop-stage.nordlo.it\/produkt\/mr10-20-syrafast-teckenremsa-5\/","url":"https:\/\/fleximarkshop-stage.nordlo.it\/produkt\/mr10-20-syrafast-teckenremsa-5\/","name":"MR10-20-. syrafast teckenremsa - FleximarkShop","isPartOf":{"@id":"https:\/\/fleximarkshop-stage.nordlo.it\/#website"},"primaryImageOfPage":{"@id":"https:\/\/fleximarkshop-stage.nordlo.it\/produkt\/mr10-20-syrafast-teckenremsa-5\/#primaryimage"},"image":{"@id":"https:\/\/fleximarkshop-stage.nordlo.it\/produkt\/mr10-20-syrafast-teckenremsa-5\/#primaryimage"},"thumbnailUrl":"https:\/\/fleximarkshop-stage.nordlo.it\/wp-content\/uploads\/83254195_1.jpg","datePublished":"2015-06-26T06:27:44+00:00","dateModified":"2022-02-22T10:26:48+00:00","breadcrumb":{"@id":"https:\/\/fleximarkshop-stage.nordlo.it\/produkt\/mr10-20-syrafast-teckenremsa-5\/#breadcrumb"},"inLanguage":"en-US","potentialAction":[{"@type":"ReadAction","target":["https:\/\/fleximarkshop-stage.nordlo.it\/produkt\/mr10-20-syrafast-teckenremsa-5\/"]}]},{"@type":"ImageObject","inLanguage":"en-US","@id":"https:\/\/fleximarkshop-stage.nordlo.it\/produkt\/mr10-20-syrafast-teckenremsa-5\/#primaryimage","url":"https:\/\/fleximarkshop-stage.nordlo.it\/wp-content\/uploads\/83254195_1.jpg","contentUrl":"https:\/\/fleximarkshop-stage.nordlo.it\/wp-content\/uploads\/83254195_1.jpg","width":1048,"height":1048,"caption":"Rostfria teckenremsor"},{"@type":"BreadcrumbList","@id":"https:\/\/fleximarkshop-stage.nordlo.it\/produkt\/mr10-20-syrafast-teckenremsa-5\/#breadcrumb","itemListElement":[{"@type":"ListItem","position":1,"name":"Hem","item":"https:\/\/fleximarkshop-stage.nordlo.it\/"},{"@type":"ListItem","position":2,"name":"Webbutik","item":"https:\/\/fleximarkshop-stage.nordlo.it\/butik\/"},{"@type":"ListItem","position":3,"name":"MR10-20-. syrafast teckenremsa"}]},{"@type":"WebSite","@id":"https:\/\/fleximarkshop-stage.nordlo.it\/#website","url":"https:\/\/fleximarkshop-stage.nordlo.it\/","name":"FleximarkShop","description":"M\u00e4rkning &amp; M\u00e4rksystem online","publisher":{"@id":"https:\/\/fleximarkshop-stage.nordlo.it\/#organization"},"potentialAction":[{"@type":"SearchAction","target":{"@type":"EntryPoint","urlTemplate":"https:\/\/fleximarkshop-stage.nordlo.it\/?s={search_term_string}"},"query-input":{"@type":"PropertyValueSpecification","valueRequired":true,"valueName":"search_term_string"}}],"inLanguage":"en-US"},{"@type":"Organization","@id":"https:\/\/fleximarkshop-stage.nordlo.it\/#organization","name":"FleximarkShop","url":"https:\/\/fleximarkshop-stage.nordlo.it\/","logo":{"@type":"ImageObject","inLanguage":"en-US","@id":"https:\/\/fleximarkshop-stage.nordlo.it\/#\/schema\/logo\/image\/","url":"https:\/\/fleximarkshop-stage.nordlo.it\/wp-content\/uploads\/fleximark-logo.png","contentUrl":"https:\/\/fleximarkshop-stage.nordlo.it\/wp-content\/uploads\/fleximark-logo.png","width":600,"height":80,"caption":"FleximarkShop"},"image":{"@id":"https:\/\/fleximarkshop-stage.nordlo.it\/#\/schema\/logo\/image\/"}}]}},"_links":{"self":[{"href":"https:\/\/fleximarkshop-stage.nordlo.it\/en\/wp-json\/wp\/v2\/product\/668","targetHints":{"allow":["GET"]}}],"collection":[{"href":"https:\/\/fleximarkshop-stage.nordlo.it\/en\/wp-json\/wp\/v2\/product"}],"about":[{"href":"https:\/\/fleximarkshop-stage.nordlo.it\/en\/wp-json\/wp\/v2\/types\/product"}],"wp:featuredmedia":[{"embeddable":true,"href":"https:\/\/fleximarkshop-stage.nordlo.it\/en\/wp-json\/wp\/v2\/media\/666"}],"wp:attachment":[{"href":"https:\/\/fleximarkshop-stage.nordlo.it\/en\/wp-json\/wp\/v2\/media?parent=668"}],"wp:term":[{"taxonomy":"product_brand","embeddable":true,"href":"https:\/\/fleximarkshop-stage.nordlo.it\/en\/wp-json\/wp\/v2\/product_brand?post=668"},{"taxonomy":"product_cat","embeddable":true,"href":"https:\/\/fleximarkshop-stage.nordlo.it\/en\/wp-json\/wp\/v2\/product_cat?post=668"},{"taxonomy":"product_tag","embeddable":true,"href":"https:\/\/fleximarkshop-stage.nordlo.it\/en\/wp-json\/wp\/v2\/product_tag?post=668"}],"curies":[{"name":"wp","href":"https:\/\/api.w.org\/{rel}","templated":true}]}}